{"id":2,"date":"2020-04-18T15:24:54","date_gmt":"2020-04-18T15:24:54","guid":{"rendered":"http:\/\/adloscampos.com\/?page_id=2"},"modified":"2020-04-29T20:40:24","modified_gmt":"2020-04-29T20:40:24","slug":"primer-equipo","status":"publish","type":"page","link":"https:\/\/adloscampos.com\/index.php\/primer-equipo\/","title":{"rendered":"Fertiberia Los Campos"},"content":{"rendered":"\n<p>Despu\u00e9s de una temporada sin equipo en categor\u00eda senior, de cara a la temporada 2013\/2014 decidimos contactar con varias ex-jugadoras del club y formar un equipo que sirviese de referencia para el proyecto de cantera que est\u00e1bamos revitalizando.<\/p>\n\n\n\n<figure class=\"wp-block-image size-large\"><img loading=\"lazy\" decoding=\"async\" width=\"960\" height=\"540\" src=\"http:\/\/adloscampos.com\/wp-content\/uploads\/2020\/04\/IMG-20131020-WA0002.jpg\" alt=\"\" class=\"wp-image-134\" srcset=\"https:\/\/adloscampos.com\/wp-content\/uploads\/2020\/04\/IMG-20131020-WA0002.jpg 960w, https:\/\/adloscampos.com\/wp-content\/uploads\/2020\/04\/IMG-20131020-WA0002-300x169.jpg 300w, https:\/\/adloscampos.com\/wp-content\/uploads\/2020\/04\/IMG-20131020-WA0002-768x432.jpg 768w\" sizes=\"auto, (max-width: 960px) 100vw, 960px\" \/><figcaption>Temporada 2013\/2014<\/figcaption><\/figure>\n\n\n\n<p>En la temporada 2016\/2017 conseguimos nuestro tercer campeonato de Asturias consecutivo y de la mano de <a href=\"https:\/\/www.grupofertiberia.com\/\">Fertiberia<\/a> podemos hacer efectivo nuestro ascenso a Primera Divisi\u00f3n Nacional.<\/p>\n\n\n\n<figure class=\"wp-block-image size-large\"><img loading=\"lazy\" decoding=\"async\" width=\"1024\" height=\"533\" src=\"https:\/\/adloscampos.com\/wp-content\/uploads\/2020\/04\/18491538_1348042125271713_4217553520480493354_o-1024x533.jpg\" alt=\"\" class=\"wp-image-150\" srcset=\"https:\/\/adloscampos.com\/wp-content\/uploads\/2020\/04\/18491538_1348042125271713_4217553520480493354_o-1024x533.jpg 1024w, https:\/\/adloscampos.com\/wp-content\/uploads\/2020\/04\/18491538_1348042125271713_4217553520480493354_o-300x156.jpg 300w, https:\/\/adloscampos.com\/wp-content\/uploads\/2020\/04\/18491538_1348042125271713_4217553520480493354_o-768x400.jpg 768w, https:\/\/adloscampos.com\/wp-content\/uploads\/2020\/04\/18491538_1348042125271713_4217553520480493354_o.jpg 1201w\" sizes=\"auto, (max-width: 1024px) 100vw, 1024px\" \/><figcaption>Temporada 2016\/2017<\/figcaption><\/figure>\n\n\n\n<p>El equipo afronta la temporada 2017\/2018 con mucha ilusi\u00f3n y suma apoyos de colaboradores locales, para completar una primera temporada que supera las expectativas iniciales y en la que el equipo a pesar de quedar en sexta posici\u00f3n est\u00e1 en la cuarta plaza hasta la pen\u00faltima jornada.<\/p>\n\n\n\n<figure class=\"wp-block-image size-large\"><img loading=\"lazy\" decoding=\"async\" width=\"960\" height=\"656\" src=\"http:\/\/adloscampos.com\/wp-content\/uploads\/2020\/04\/fertiberia.jpg\" alt=\"\" class=\"wp-image-138\" srcset=\"https:\/\/adloscampos.com\/wp-content\/uploads\/2020\/04\/fertiberia.jpg 960w, https:\/\/adloscampos.com\/wp-content\/uploads\/2020\/04\/fertiberia-300x205.jpg 300w, https:\/\/adloscampos.com\/wp-content\/uploads\/2020\/04\/fertiberia-768x525.jpg 768w\" sizes=\"auto, (max-width: 960px) 100vw, 960px\" \/><figcaption>Temporada 2017\/2018<\/figcaption><\/figure>\n\n\n\n<p>En la temporada 2018\/2019 el equipo se consolida en la categor\u00eda, y se muestra muy s\u00f3lido sobre todo jugando como local, donde la grada, siempre llena, anima incansable. El equipo consigue alzarse con la tercera plaza.<\/p>\n\n\n\n<figure class=\"wp-block-gallery columns-1 is-cropped wp-block-gallery-1 is-layout-flex wp-block-gallery-is-layout-flex\"><ul class=\"blocks-gallery-grid\"><li class=\"blocks-gallery-item\"><figure><img loading=\"lazy\" decoding=\"async\" width=\"1024\" height=\"595\" src=\"http:\/\/adloscampos.com\/wp-content\/uploads\/2020\/04\/IMG-20190317-WA0059-1024x595.jpg\" alt=\"\" data-id=\"146\" data-full-url=\"http:\/\/adloscampos.com\/wp-content\/uploads\/2020\/04\/IMG-20190317-WA0059.jpg\" data-link=\"http:\/\/adloscampos.com\/index.php\/primer-equipo\/img-20190317-wa0059\/\" class=\"wp-image-146\" srcset=\"https:\/\/adloscampos.com\/wp-content\/uploads\/2020\/04\/IMG-20190317-WA0059-1024x595.jpg 1024w, https:\/\/adloscampos.com\/wp-content\/uploads\/2020\/04\/IMG-20190317-WA0059-300x174.jpg 300w, https:\/\/adloscampos.com\/wp-content\/uploads\/2020\/04\/IMG-20190317-WA0059-768x446.jpg 768w, https:\/\/adloscampos.com\/wp-content\/uploads\/2020\/04\/IMG-20190317-WA0059-1536x892.jpg 1536w, https:\/\/adloscampos.com\/wp-content\/uploads\/2020\/04\/IMG-20190317-WA0059-1200x697.jpg 1200w, https:\/\/adloscampos.com\/wp-content\/uploads\/2020\/04\/IMG-20190317-WA0059.jpg 1600w\" sizes=\"auto, (max-width: 1024px) 100vw, 1024px\" \/><\/figure><\/li><\/ul><figcaption class=\"blocks-gallery-caption\">Temporada 2018\/2019<\/figcaption><\/figure>\n\n\n\n<p>Iniciamos la temporada 2019\/2020 con el objetivo de llegar lo m\u00e1s arriba posible, con una plantilla amplia y compensada, y pese a lesiones y alg\u00fan que otro tropiezo, el equipo se mantiene en las posiciones de cabeza durante toda la liga para, a falta de 2 jornadas, ser segundos, momento en que se suspende temporalmente la liga por la pandemia del covid-19<\/p>\n\n\n\n<figure class=\"wp-block-image size-large\"><img loading=\"lazy\" decoding=\"async\" width=\"960\" height=\"638\" src=\"http:\/\/adloscampos.com\/wp-content\/uploads\/2020\/04\/dsc08558.jpg\" alt=\"\" class=\"wp-image-136\" srcset=\"https:\/\/adloscampos.com\/wp-content\/uploads\/2020\/04\/dsc08558.jpg 960w, https:\/\/adloscampos.com\/wp-content\/uploads\/2020\/04\/dsc08558-300x199.jpg 300w, https:\/\/adloscampos.com\/wp-content\/uploads\/2020\/04\/dsc08558-768x510.jpg 768w\" sizes=\"auto, (max-width: 960px) 100vw, 960px\" \/><figcaption>Temporada 2019\/2020<\/figcaption><\/figure>\n","protected":false},"excerpt":{"rendered":"<p>Despu\u00e9s de una temporada sin equipo en categor\u00eda senior, de cara a la temporada 2013\/2014 decidimos contactar con varias ex-jugadoras del club y formar un equipo que sirviese de referencia para el proyecto de cantera que est\u00e1bamos revitalizando. En la temporada 2016\/2017 conseguimos nuestro tercer campeonato de Asturias consecutivo y de la mano de Fertiberia [&hellip;]<\/p>\n","protected":false},"author":1,"featured_media":136,"parent":0,"menu_order":0,"comment_status":"closed","ping_status":"closed","template":"","meta":{"_monsterinsights_skip_tracking":false,"_monsterinsights_sitenote_active":false,"_monsterinsights_sitenote_note":"","_monsterinsights_sitenote_category":0,"footnotes":""},"class_list":["post-2","page","type-page","status-publish","has-post-thumbnail","hentry"],"aioseo_notices":[],"_links":{"self":[{"href":"https:\/\/adloscampos.com\/index.php\/wp-json\/wp\/v2\/pages\/2","targetHints":{"allow":["GET"]}}],"collection":[{"href":"https:\/\/adloscampos.com\/index.php\/wp-json\/wp\/v2\/pages"}],"about":[{"href":"https:\/\/adloscampos.com\/index.php\/wp-json\/wp\/v2\/types\/page"}],"author":[{"embeddable":true,"href":"https:\/\/adloscampos.com\/index.php\/wp-json\/wp\/v2\/users\/1"}],"replies":[{"embeddable":true,"href":"https:\/\/adloscampos.com\/index.php\/wp-json\/wp\/v2\/comments?post=2"}],"version-history":[{"count":12,"href":"https:\/\/adloscampos.com\/index.php\/wp-json\/wp\/v2\/pages\/2\/revisions"}],"predecessor-version":[{"id":151,"href":"https:\/\/adloscampos.com\/index.php\/wp-json\/wp\/v2\/pages\/2\/revisions\/151"}],"wp:featuredmedia":[{"embeddable":true,"href":"https:\/\/adloscampos.com\/index.php\/wp-json\/wp\/v2\/media\/136"}],"wp:attachment":[{"href":"https:\/\/adloscampos.com\/index.php\/wp-json\/wp\/v2\/media?parent=2"}],"curies":[{"name":"wp","href":"https:\/\/api.w.org\/{rel}","templated":true}]}}